{"id":779,"date":"2025-01-04T14:20:04","date_gmt":"2025-01-04T14:20:04","guid":{"rendered":"http:\/\/www.askdefen.com\/?post_type=product&#038;p=779"},"modified":"2025-01-12T19:50:28","modified_gmt":"2025-01-12T19:50:28","slug":"busingler-urun1","status":"publish","type":"product","link":"https:\/\/www.askdefen.com\/index.php\/urun\/busingler-urun1\/","title":{"rendered":"Bu\u015fingler \u00fcr\u00fcn1"},"content":{"rendered":"","protected":false},"excerpt":{"rendered":"","protected":false},"featured_media":1257,"template":"","meta":[],"product_cat":[19,31],"product_tag":[],"class_list":{"0":"post-779","1":"product","2":"type-product","3":"status-publish","4":"has-post-thumbnail","6":"product_cat-genel","7":"product_cat-busingler","9":"first","10":"instock","11":"shipping-taxable","12":"product-type-simple"},"_links":{"self":[{"href":"https:\/\/www.askdefen.com\/index.php\/wp-json\/wp\/v2\/product\/779","targetHints":{"allow":["GET"]}}],"collection":[{"href":"https:\/\/www.askdefen.com\/index.php\/wp-json\/wp\/v2\/product"}],"about":[{"href":"https:\/\/www.askdefen.com\/index.php\/wp-json\/wp\/v2\/types\/product"}],"wp:featuredmedia":[{"embeddable":true,"href":"https:\/\/www.askdefen.com\/index.php\/wp-json\/wp\/v2\/media\/1257"}],"wp:attachment":[{"href":"https:\/\/www.askdefen.com\/index.php\/wp-json\/wp\/v2\/media?parent=779"}],"wp:term":[{"taxonomy":"product_cat","embeddable":true,"href":"https:\/\/www.askdefen.com\/index.php\/wp-json\/wp\/v2\/product_cat?post=779"},{"taxonomy":"product_tag","embeddable":true,"href":"https:\/\/www.askdefen.com\/index.php\/wp-json\/wp\/v2\/product_tag?post=779"}],"curies":[{"name":"wp","href":"https:\/\/api.w.org\/{rel}","templated":true}]}}