{"id":723,"date":"2025-01-03T23:41:07","date_gmt":"2025-01-03T23:41:07","guid":{"rendered":"http:\/\/www.askdefen.com\/?page_id=723"},"modified":"2025-03-27T23:34:55","modified_gmt":"2025-03-27T23:34:55","slug":"saplama-ve-burclar","status":"publish","type":"page","link":"https:\/\/www.askdefen.com\/index.php\/saplama-ve-burclar\/","title":{"rendered":"Saplama ve Bur\u00e7lar"},"content":{"rendered":"\t\t<div data-elementor-type=\"wp-page\" data-elementor-id=\"723\" class=\"elementor elementor-723\" data-elementor-post-type=\"page\">\n\t\t\t\t<header class=\"elementor-element elementor-element-2ec4dd24 e-con-full e-flex e-con e-parent\" data-id=\"2ec4dd24\" data-element_type=\"container\" data-settings=\"{&quot;background_background&quot;:&quot;classic&quot;}\">\n\t\t\t\t<div class=\"elementor-element elementor-element-19ef3b7c elementor-widget elementor-widget-heading\" data-id=\"19ef3b7c\" data-element_type=\"widget\" data-widget_type=\"heading.default\">\n\t\t\t\t<div class=\"elementor-widget-container\">\n\t\t\t\t\t<h1 class=\"elementor-heading-title elementor-size-default\">Saplama ve Bur\u00e7lar<\/h1>\t\t\t\t<\/div>\n\t\t\t\t<\/div>\n\t\t\t\t<div class=\"elementor-element elementor-element-97d4820 elementor-widget elementor-widget-woocommerce-breadcrumb\" data-id=\"97d4820\" data-element_type=\"widget\" data-widget_type=\"woocommerce-breadcrumb.default\">\n\t\t\t\t<div class=\"elementor-widget-container\">\n\t\t\t\t\t<nav class=\"woocommerce-breadcrumb\" aria-label=\"Breadcrumb\">Ana Sayfa<\/nav>\t\t\t\t<\/div>\n\t\t\t\t<\/div>\n\t\t\t\t<\/header>\n\t\t<div class=\"elementor-element elementor-element-2eac7dd5 e-flex e-con-boxed e-con e-parent\" data-id=\"2eac7dd5\" data-element_type=\"container\">\n\t\t\t\t\t<div class=\"e-con-inner\">\n\t\t\t\t<div class=\"elementor-element elementor-element-1f19c1c elementor-grid-4 elementor-grid-tablet-3 elementor-grid-mobile-2 elementor-products-grid elementor-wc-products elementor-show-pagination-border-yes elementor-widget elementor-widget-woocommerce-products\" data-id=\"1f19c1c\" data-element_type=\"widget\" data-widget_type=\"woocommerce-products.default\">\n\t\t\t\t<div class=\"elementor-widget-container\">\n\t\t\t\t\t<div class=\"woocommerce columns-4 \"><div class=\"woocommerce-notices-wrapper\"><\/div><ul class=\"products elementor-grid columns-4\">\n<li class=\"product type-product post-784 status-publish first instock product_cat-genel product_cat-saplama-ve-burclar has-post-thumbnail shipping-taxable product-type-simple\">\n\t<a href=\"https:\/\/www.askdefen.com\/index.php\/urun\/saplama-ve-burc-urun1\/\" class=\"woocommerce-LoopProduct-link woocommerce-loop-product__link\"><img fetchpriority=\"high\" decoding=\"async\" width=\"300\" height=\"213\" src=\"https:\/\/www.askdefen.com\/wp-content\/uploads\/2025\/01\/saplama-ve-burclar-1.1-300x213.png\" class=\"attachment-woocommerce_thumbnail size-woocommerce_thumbnail\" alt=\"\" \/><h2 class=\"woocommerce-loop-product__title\">Saplama ve Bur\u00e7 \u00dcr\u00fcn1<\/h2>\n<\/a><\/li>\n<\/ul>\n<\/div>\t\t\t\t<\/div>\n\t\t\t\t<\/div>\n\t\t\t\t\t<\/div>\n\t\t\t\t<\/div>\n\t\t<div class=\"elementor-element elementor-element-b6db2e7 e-con-full e-flex e-con e-parent\" data-id=\"b6db2e7\" data-element_type=\"container\" data-settings=\"{&quot;background_background&quot;:&quot;gradient&quot;}\">\n\t\t\t\t<div class=\"elementor-element elementor-element-98fd05e elementor-widget-divider--view-line elementor-widget elementor-widget-divider\" data-id=\"98fd05e\" data-element_type=\"widget\" data-widget_type=\"divider.default\">\n\t\t\t\t<div class=\"elementor-widget-container\">\n\t\t\t\t\t\t\t<div class=\"elementor-divider\">\n\t\t\t<span class=\"elementor-divider-separator\">\n\t\t\t\t\t\t<\/span>\n\t\t<\/div>\n\t\t\t\t\t\t<\/div>\n\t\t\t\t<\/div>\n\t\t\t\t<div class=\"elementor-element elementor-element-bc842b2 elementor-widget elementor-widget-heading\" data-id=\"bc842b2\" data-element_type=\"widget\" data-widget_type=\"heading.default\">\n\t\t\t\t<div class=\"elementor-widget-container\">\n\t\t\t\t\t<h2 class=\"elementor-heading-title elementor-size-default\">Hemen <b>teklif<\/b> <br>alabilirsiniz<\/h2>\t\t\t\t<\/div>\n\t\t\t\t<\/div>\n\t\t\t\t<div class=\"elementor-element elementor-element-90b9156 elementor-align-center elementor-widget elementor-widget-button\" data-id=\"90b9156\" data-element_type=\"widget\" data-widget_type=\"button.default\">\n\t\t\t\t<div class=\"elementor-widget-container\">\n\t\t\t\t\t\t\t\t\t<div class=\"elementor-button-wrapper\">\n\t\t\t\t\t<a class=\"elementor-button elementor-button-link elementor-size-sm elementor-animation-shrink\" href=\"http:\/\/www.askdefen.com\/index.php\/iletisim\/\">\n\t\t\t\t\t\t<span class=\"elementor-button-content-wrapper\">\n\t\t\t\t\t\t\t\t\t<span class=\"elementor-button-text\">teklif Al<\/span>\n\t\t\t\t\t<\/span>\n\t\t\t\t\t<\/a>\n\t\t\t\t<\/div>\n\t\t\t\t\t\t\t\t<\/div>\n\t\t\t\t<\/div>\n\t\t\t\t<\/div>\n\t\t\t\t<\/div>\n\t\t","protected":false},"excerpt":{"rendered":"<p>Saplama ve Bur\u00e7lar Hemen teklif alabilirsiniz teklif Al<\/p>\n","protected":false},"author":1,"featured_media":0,"parent":0,"menu_order":0,"comment_status":"closed","ping_status":"closed","template":"","meta":{"footnotes":""},"class_list":["post-723","page","type-page","status-publish","hentry"],"_links":{"self":[{"href":"https:\/\/www.askdefen.com\/index.php\/wp-json\/wp\/v2\/pages\/723","targetHints":{"allow":["GET"]}}],"collection":[{"href":"https:\/\/www.askdefen.com\/index.php\/wp-json\/wp\/v2\/pages"}],"about":[{"href":"https:\/\/www.askdefen.com\/index.php\/wp-json\/wp\/v2\/types\/page"}],"author":[{"embeddable":true,"href":"https:\/\/www.askdefen.com\/index.php\/wp-json\/wp\/v2\/users\/1"}],"replies":[{"embeddable":true,"href":"https:\/\/www.askdefen.com\/index.php\/wp-json\/wp\/v2\/comments?post=723"}],"version-history":[{"count":19,"href":"https:\/\/www.askdefen.com\/index.php\/wp-json\/wp\/v2\/pages\/723\/revisions"}],"predecessor-version":[{"id":1774,"href":"https:\/\/www.askdefen.com\/index.php\/wp-json\/wp\/v2\/pages\/723\/revisions\/1774"}],"wp:attachment":[{"href":"https:\/\/www.askdefen.com\/index.php\/wp-json\/wp\/v2\/media?parent=723"}],"curies":[{"name":"wp","href":"https:\/\/api.w.org\/{rel}","templated":true}]}}