{"id":717,"date":"2025-01-03T23:39:59","date_gmt":"2025-01-03T23:39:59","guid":{"rendered":"http:\/\/www.askdefen.com\/?page_id=717"},"modified":"2025-03-27T23:31:54","modified_gmt":"2025-03-27T23:31:54","slug":"busingler","status":"publish","type":"page","link":"https:\/\/www.askdefen.com\/index.php\/busingler\/","title":{"rendered":"Bu\u015fingler"},"content":{"rendered":"\t\t<div data-elementor-type=\"wp-page\" data-elementor-id=\"717\" class=\"elementor elementor-717\" data-elementor-post-type=\"page\">\n\t\t\t\t<header class=\"elementor-element elementor-element-1595b52a e-con-full e-flex e-con e-parent\" data-id=\"1595b52a\" data-element_type=\"container\" data-settings=\"{&quot;background_background&quot;:&quot;classic&quot;}\">\n\t\t\t\t<div class=\"elementor-element elementor-element-47a4f9d3 elementor-widget elementor-widget-heading\" data-id=\"47a4f9d3\" data-element_type=\"widget\" data-widget_type=\"heading.default\">\n\t\t\t\t<div class=\"elementor-widget-container\">\n\t\t\t\t\t<h1 class=\"elementor-heading-title elementor-size-default\">Bu\u015fingler<\/h1>\t\t\t\t<\/div>\n\t\t\t\t<\/div>\n\t\t\t\t<div class=\"elementor-element elementor-element-067acae elementor-widget elementor-widget-woocommerce-breadcrumb\" data-id=\"067acae\" data-element_type=\"widget\" data-widget_type=\"woocommerce-breadcrumb.default\">\n\t\t\t\t<div class=\"elementor-widget-container\">\n\t\t\t\t\t<nav class=\"woocommerce-breadcrumb\" aria-label=\"Breadcrumb\">Ana Sayfa<\/nav>\t\t\t\t<\/div>\n\t\t\t\t<\/div>\n\t\t\t\t<\/header>\n\t\t<div class=\"elementor-element elementor-element-2e9e485f e-flex e-con-boxed e-con e-parent\" data-id=\"2e9e485f\" data-element_type=\"container\">\n\t\t\t\t\t<div class=\"e-con-inner\">\n\t\t\t\t<div class=\"elementor-element elementor-element-218afc8 elementor-grid-4 elementor-grid-tablet-3 elementor-grid-mobile-2 elementor-products-grid elementor-wc-products elementor-show-pagination-border-yes elementor-widget elementor-widget-woocommerce-products\" data-id=\"218afc8\" data-element_type=\"widget\" data-widget_type=\"woocommerce-products.default\">\n\t\t\t\t<div class=\"elementor-widget-container\">\n\t\t\t\t\t<div class=\"woocommerce columns-4 \"><div class=\"woocommerce-notices-wrapper\"><\/div><ul class=\"products elementor-grid columns-4\">\n<li class=\"product type-product post-779 status-publish first instock product_cat-busingler product_cat-genel has-post-thumbnail shipping-taxable product-type-simple\">\n\t<a href=\"https:\/\/www.askdefen.com\/index.php\/urun\/busingler-urun1\/\" class=\"woocommerce-LoopProduct-link woocommerce-loop-product__link\"><img fetchpriority=\"high\" decoding=\"async\" width=\"300\" height=\"300\" src=\"https:\/\/www.askdefen.com\/wp-content\/uploads\/2025\/01\/busingler-urun1-300x300.jpg\" class=\"attachment-woocommerce_thumbnail size-woocommerce_thumbnail\" alt=\"\" srcset=\"https:\/\/www.askdefen.com\/wp-content\/uploads\/2025\/01\/busingler-urun1-300x300.jpg 300w, https:\/\/www.askdefen.com\/wp-content\/uploads\/2025\/01\/busingler-urun1-1024x1024.jpg 1024w, https:\/\/www.askdefen.com\/wp-content\/uploads\/2025\/01\/busingler-urun1-150x150.jpg 150w, https:\/\/www.askdefen.com\/wp-content\/uploads\/2025\/01\/busingler-urun1-768x768.jpg 768w, https:\/\/www.askdefen.com\/wp-content\/uploads\/2025\/01\/busingler-urun1-600x600.jpg 600w, https:\/\/www.askdefen.com\/wp-content\/uploads\/2025\/01\/busingler-urun1-100x100.jpg 100w, https:\/\/www.askdefen.com\/wp-content\/uploads\/2025\/01\/busingler-urun1.jpg 1080w\" sizes=\"(max-width: 300px) 100vw, 300px\" \/><h2 class=\"woocommerce-loop-product__title\">Bu\u015fingler \u00fcr\u00fcn1<\/h2>\n<\/a><\/li>\n<\/ul>\n<\/div>\t\t\t\t<\/div>\n\t\t\t\t<\/div>\n\t\t\t\t\t<\/div>\n\t\t\t\t<\/div>\n\t\t<div class=\"elementor-element elementor-element-22bc551 e-con-full e-flex e-con e-parent\" data-id=\"22bc551\" data-element_type=\"container\" data-settings=\"{&quot;background_background&quot;:&quot;gradient&quot;}\">\n\t\t\t\t<div class=\"elementor-element elementor-element-71849d4 elementor-widget-divider--view-line elementor-widget elementor-widget-divider\" data-id=\"71849d4\" data-element_type=\"widget\" data-widget_type=\"divider.default\">\n\t\t\t\t<div class=\"elementor-widget-container\">\n\t\t\t\t\t\t\t<div class=\"elementor-divider\">\n\t\t\t<span class=\"elementor-divider-separator\">\n\t\t\t\t\t\t<\/span>\n\t\t<\/div>\n\t\t\t\t\t\t<\/div>\n\t\t\t\t<\/div>\n\t\t\t\t<div class=\"elementor-element elementor-element-71522c4 elementor-widget elementor-widget-heading\" data-id=\"71522c4\" data-element_type=\"widget\" data-widget_type=\"heading.default\">\n\t\t\t\t<div class=\"elementor-widget-container\">\n\t\t\t\t\t<h2 class=\"elementor-heading-title elementor-size-default\">Hemen <b>teklif<\/b> <br>alabilirsiniz<\/h2>\t\t\t\t<\/div>\n\t\t\t\t<\/div>\n\t\t\t\t<div class=\"elementor-element elementor-element-fbb351f elementor-align-center elementor-widget elementor-widget-button\" data-id=\"fbb351f\" data-element_type=\"widget\" data-widget_type=\"button.default\">\n\t\t\t\t<div class=\"elementor-widget-container\">\n\t\t\t\t\t\t\t\t\t<div class=\"elementor-button-wrapper\">\n\t\t\t\t\t<a class=\"elementor-button elementor-button-link elementor-size-sm elementor-animation-shrink\" href=\"http:\/\/www.askdefen.com\/index.php\/iletisim\/\">\n\t\t\t\t\t\t<span class=\"elementor-button-content-wrapper\">\n\t\t\t\t\t\t\t\t\t<span class=\"elementor-button-text\">teklif Al<\/span>\n\t\t\t\t\t<\/span>\n\t\t\t\t\t<\/a>\n\t\t\t\t<\/div>\n\t\t\t\t\t\t\t\t<\/div>\n\t\t\t\t<\/div>\n\t\t\t\t<\/div>\n\t\t\t\t<\/div>\n\t\t","protected":false},"excerpt":{"rendered":"<p>Bu\u015fingler Hemen teklif alabilirsiniz teklif Al<\/p>\n","protected":false},"author":1,"featured_media":0,"parent":0,"menu_order":0,"comment_status":"closed","ping_status":"closed","template":"","meta":{"footnotes":""},"class_list":["post-717","page","type-page","status-publish","hentry"],"_links":{"self":[{"href":"https:\/\/www.askdefen.com\/index.php\/wp-json\/wp\/v2\/pages\/717","targetHints":{"allow":["GET"]}}],"collection":[{"href":"https:\/\/www.askdefen.com\/index.php\/wp-json\/wp\/v2\/pages"}],"about":[{"href":"https:\/\/www.askdefen.com\/index.php\/wp-json\/wp\/v2\/types\/page"}],"author":[{"embeddable":true,"href":"https:\/\/www.askdefen.com\/index.php\/wp-json\/wp\/v2\/users\/1"}],"replies":[{"embeddable":true,"href":"https:\/\/www.askdefen.com\/index.php\/wp-json\/wp\/v2\/comments?post=717"}],"version-history":[{"count":25,"href":"https:\/\/www.askdefen.com\/index.php\/wp-json\/wp\/v2\/pages\/717\/revisions"}],"predecessor-version":[{"id":1756,"href":"https:\/\/www.askdefen.com\/index.php\/wp-json\/wp\/v2\/pages\/717\/revisions\/1756"}],"wp:attachment":[{"href":"https:\/\/www.askdefen.com\/index.php\/wp-json\/wp\/v2\/media?parent=717"}],"curies":[{"name":"wp","href":"https:\/\/api.w.org\/{rel}","templated":true}]}}